{"id":15,"date":"2026-01-07T13:13:27","date_gmt":"2026-01-07T12:13:27","guid":{"rendered":"https:\/\/free-baud.org\/?page_id=15"},"modified":"2026-01-25T13:43:46","modified_gmt":"2026-01-25T12:43:46","slug":"impressum","status":"publish","type":"page","link":"https:\/\/free-baud.org\/en\/impressum\/","title":{"rendered":"Legal notice"},"content":{"rendered":"<div data-elementor-type=\"wp-page\" data-elementor-id=\"15\" class=\"elementor elementor-15\">\n\t\t\t\t<div class=\"elementor-element elementor-element-2f0e619 e-flex e-con-boxed e-con e-parent\" data-id=\"2f0e619\" data-element_type=\"container\" data-e-type=\"container\" data-settings=\"{&quot;background_background&quot;:&quot;classic&quot;}\">\n\t\t\t\t\t<div class=\"e-con-inner\">\n\t\t<div class=\"elementor-element elementor-element-c6e26ca e-con-full e-flex e-con e-child\" data-id=\"c6e26ca\" data-element_type=\"container\" data-e-type=\"container\">\n\t\t\t\t<div class=\"elementor-element elementor-element-140b1a6 elementor-widget elementor-widget-heading\" data-id=\"140b1a6\" data-element_type=\"widget\" data-e-type=\"widget\" data-widget_type=\"heading.default\">\n\t\t\t\t\t<h2 class=\"elementor-heading-title elementor-size-default\">Legal notice<\/h2>\t\t\t\t<\/div>\n\t\t\t\t<div class=\"elementor-element elementor-element-5d7d173 elementor-widget elementor-widget-text-editor\" data-id=\"5d7d173\" data-element_type=\"widget\" data-e-type=\"widget\" data-widget_type=\"text-editor.default\">\n\t\t\t\t\t\t\t\t\t<div class=\"elementor-element elementor-element-2411eba elementor-widget elementor-widget-heading\" data-id=\"2411eba\" data-element_type=\"widget\" data-widget_type=\"heading.default\"><div class=\"elementor-widget-container\"><h6 class=\"elementor-heading-title elementor-size-default\">Responsible for content in accordance with \u00a7 18 para. 2 MStV:<\/h6><\/div><\/div><div class=\"elementor-element elementor-element-cebe257 elementor-widget elementor-widget-text-editor\" data-id=\"cebe257\" data-element_type=\"widget\" data-widget_type=\"text-editor.default\"><div class=\"elementor-widget-container\"><h6 class=\"p2\">Eleonore Freiin von Wimmersperg, <span class=\"s1\">Hauptsr. 37, <\/span><span class=\"s1\">10827 Berlin<\/span><\/h6><h6 class=\"p1\"><span class=\"s1\">email: <a href=\"mailto:post@free-baud.org\"><span class=\"s2\">post@free-baud.org<\/span><\/a><\/span><\/h6><\/div><p>Foto Jacques Baud: <a href=\"https:\/\/westendverlag.de\">Westend Verlag.<\/a>\u00a0with kind permission.\u00a0<\/p><p>Page design: Ramona Z\u00fchlke,\u00a0 <a href=\"https:\/\/ramona-zuehlke.de\">Bild.Sprache.Design<\/a><\/p><\/div><div class=\"elementor-element elementor-element-dc97496 elementor-widget elementor-widget-text-editor\" data-id=\"dc97496\" data-element_type=\"widget\" data-widget_type=\"text-editor.default\"><div class=\"elementor-widget-container\"><p><strong>Dispute resolution:<\/strong><\/p><p>The European Commission provides a platform for online dispute resolution (ODR):<\/p><p>https:\/\/ec.europa.eu\/consumers\/odr<\/p><p>You can find our email address at the top of the legal notice. We are not willing or obliged to participate in dispute resolution proceedings before a consumer arbitration board.<\/p><\/div><\/div><div class=\"elementor-element elementor-element-d58ab8c elementor-widget elementor-widget-heading\" data-id=\"d58ab8c\" data-element_type=\"widget\" data-widget_type=\"heading.default\"><div class=\"elementor-widget-container\"><h6 class=\"elementor-heading-title elementor-size-default\">Disclaimer<\/h6><\/div><\/div><div class=\"elementor-element elementor-element-f445833 elementor-widget elementor-widget-text-editor\" data-id=\"f445833\" data-element_type=\"widget\" data-widget_type=\"text-editor.default\"><div class=\"elementor-widget-container\"><p>Eleonore Freiin von Wimmersperg\u00a0 ist nach DDG f\u00fcr eigene Inhalte auf dieser Webseite nach den allgemeinen Gesetzen verantwortlich.<\/p><p><span style=\"text-decoration: underline;\">Haftung f\u00fcr Inhalte<\/span><br \/>Als Diensteanbieter sind wir nach \u00a7 7 DDG f\u00fcr eigene Inhalte auf diesen Seiten nach den allgemeinen Gesetzen verantwortlich. Wir sind jedoch nicht verpflichtet, \u00fcbermittelte oder gespeicherte fremde Informationen allgemein zu \u00fcberwachen oder aktiv nach Umst\u00e4nden zu forschen, die auf eine rechtswidrige T\u00e4tigkeit hinweisen. Verpflichtungen zur Entfernung oder Sperrung der Nutzung von Informationen nach den allgemeinen Gesetzen bleiben hiervon unber\u00fchrt. Eine Haftung ist erst ab dem Zeitpunkt der Kenntnis einer konkreten Rechtsverletzung m\u00f6glich. Bei Bekanntwerden entsprechender Rechtsverletzungen werden wir diese Inhalte umgehend entfernen.<\/p><p><strong>No warning without prior contact!<\/strong><\/p><p>If you believe that this website may be infringing on any intellectual property rights, i.e., violating third-party trademarks or copyrights, please notify me immediately by email. After reviewing the matter, I will delete or modify the offending passage. A formal warning from a lawyer regarding the infringement of property rights is not necessary, and the associated costs will not be reimbursed.\u00a0<\/p><p><strong>Liability for links:<\/strong><\/p><p>This website may contain links to external third-party websites over whose content we have no influence. We therefore cannot accept any liability for this external content. The respective provider or operator of the linked pages is always responsible for their content. The linked pages were checked for possible legal violations at the time of linking. No illegal content was found at the time of linking. However, permanent monitoring of the content of the linked pages is not reasonable without concrete evidence of a violation of the law. If we become aware of any violations of the law, we will remove such links immediately.<\/p><p><strong>Copyright:<\/strong><\/p><p>The content and works on these pages created by the site operators are subject to German copyright law. The reproduction, editing, distribution, and any kind of use outside the limits of copyright law require the written consent of the respective author or creator. Downloads and copies of this site are only permitted for private, non-commercial use. Insofar as the content on this site was not created by the operator, the copyrights of third parties are respected. In particular, third-party content is identified as such. Should you nevertheless become aware of a copyright infringement, please inform us accordingly. If we become aware of any infringements, we will remove such content immediately.<\/p><p>Quelle: https:\/\/www.e-recht24.de\u00a0<\/p><\/div><\/div>\t\t\t\t\t\t\t\t<\/div>\n\t\t\t\t<\/div>\n\t\t\t\t\t<\/div>\n\t\t\t\t<\/div>\n\t\t\t\t<\/div>","protected":false},"excerpt":{"rendered":"<p>Impressum Verantwortlich f\u00fcr den Inhalt nach \u00a7 18 Abs. 2 MStV: Eleonore Freiin von Wimmersperg, Hauptsr. 37, 10827 Berlin email: [&hellip;]<\/p>\n","protected":false},"author":1,"featured_media":0,"parent":0,"menu_order":0,"comment_status":"closed","ping_status":"closed","template":"","meta":{"site-sidebar-layout":"no-sidebar","site-content-layout":"","ast-site-content-layout":"full-width-container","site-content-style":"default","site-sidebar-style":"default","ast-global-header-display":"","ast-banner-title-visibility":"","ast-main-header-display":"","ast-hfb-above-header-display":"","ast-hfb-below-header-display":"","ast-hfb-mobile-header-display":"","site-post-title":"disabled","ast-breadcrumbs-content":"","ast-featured-img":"disabled","footer-sml-layout":"","ast-disable-related-posts":"","theme-transparent-header-meta":"","adv-header-id-meta":"","stick-header-meta":"","header-above-stick-meta":"","header-main-stick-meta":"","header-below-stick-meta":"","astra-migrate-meta-layouts":"default","ast-page-background-enabled":"default","ast-page-background-meta":{"desktop":{"background-color":"var(--ast-global-color-5)","background-image":"","background-repeat":"repeat","background-position":"center center","background-size":"auto","background-attachment":"scroll","background-type":"","background-media":"","overlay-type":"","overlay-color":"","overlay-opacity":"","overlay-gradient":""},"tablet":{"background-color":"","background-image":"","background-repeat":"repeat","background-position":"center center","background-size":"auto","background-attachment":"scroll","background-type":"","background-media":"","overlay-type":"","overlay-color":"","overlay-opacity":"","overlay-gradient":""},"mobile":{"background-color":"","background-image":"","background-repeat":"repeat","background-position":"center center","background-size":"auto","background-attachment":"scroll","background-type":"","background-media":"","overlay-type":"","overlay-color":"","overlay-opacity":"","overlay-gradient":""}},"ast-content-background-meta":{"desktop":{"background-color":"var(--ast-global-color-4)","background-image":"","background-repeat":"repeat","background-position":"center center","background-size":"auto","background-attachment":"scroll","background-type":"","background-media":"","overlay-type":"","overlay-color":"","overlay-opacity":"","overlay-gradient":""},"tablet":{"background-color":"var(--ast-global-color-4)","background-image":"","background-repeat":"repeat","background-position":"center center","background-size":"auto","background-attachment":"scroll","background-type":"","background-media":"","overlay-type":"","overlay-color":"","overlay-opacity":"","overlay-gradient":""},"mobile":{"background-color":"var(--ast-global-color-4)","background-image":"","background-repeat":"repeat","background-position":"center center","background-size":"auto","background-attachment":"scroll","background-type":"","background-media":"","overlay-type":"","overlay-color":"","overlay-opacity":"","overlay-gradient":""}},"footnotes":""},"class_list":["post-15","page","type-page","status-publish","hentry"],"_links":{"self":[{"href":"https:\/\/free-baud.org\/en\/wp-json\/wp\/v2\/pages\/15","targetHints":{"allow":["GET"]}}],"collection":[{"href":"https:\/\/free-baud.org\/en\/wp-json\/wp\/v2\/pages"}],"about":[{"href":"https:\/\/free-baud.org\/en\/wp-json\/wp\/v2\/types\/page"}],"author":[{"embeddable":true,"href":"https:\/\/free-baud.org\/en\/wp-json\/wp\/v2\/users\/1"}],"replies":[{"embeddable":true,"href":"https:\/\/free-baud.org\/en\/wp-json\/wp\/v2\/comments?post=15"}],"version-history":[{"count":10,"href":"https:\/\/free-baud.org\/en\/wp-json\/wp\/v2\/pages\/15\/revisions"}],"predecessor-version":[{"id":334,"href":"https:\/\/free-baud.org\/en\/wp-json\/wp\/v2\/pages\/15\/revisions\/334"}],"wp:attachment":[{"href":"https:\/\/free-baud.org\/en\/wp-json\/wp\/v2\/media?parent=15"}],"curies":[{"name":"wp","href":"https:\/\/api.w.org\/{rel}","templated":true}]}}